{"id":33,"date":"2018-11-26T16:53:48","date_gmt":"2018-11-26T16:53:48","guid":{"rendered":"http:\/\/comceptgmbhkoeln.ccjewel.net\/?page_id=33"},"modified":"2021-07-26T08:57:42","modified_gmt":"2021-07-26T06:57:42","slug":"impressum","status":"publish","type":"page","link":"https:\/\/www.comcept.eu\/?page_id=33","title":{"rendered":"Impressum"},"content":{"rendered":"<p><img loading=\"lazy\" decoding=\"async\" class=\"wp-image-161 size-full alignnone\" src=\"https:\/\/www.comcept.eu\/wp-content\/uploads\/2018\/11\/COMCEPT-LOGO.jpg\" alt=\"COMCEPT GmbH\" width=\"139\" height=\"98\" \/><b><i><span style=\"font-size: xx-small;\">Impressum<\/span><\/i><\/b><\/p>\n<p>Verantwortlich f\u00fcr den Inhalt dieser Internetseite ist die Firma:<\/p>\n<p>COMCEPT GmbH<br \/>\nHauptstra\u00dfe 161a<br \/>\nDE 51143 K\u00f6ln &#8211; Germany<br \/>\nFone: +49 (0) 2203 369 28 -0<br \/>\nFax: +49 (0) 2203 369 28 -15<br \/>\n<a href=\"mailto:info@optiker.de\">EMail an den Webmaster<\/a><\/p>\n<p>Eingetragen im Handelsregister K\u00f6ln: HRB 31924<\/p>\n<p>Gesch\u00e4ftsf\u00fchrer:<br \/>\nGerd Bernau<br \/>\nRaimund Hamacher<\/p>\n<p><b>Haftungshinweis:<\/b><br \/>\n<b>Trotz sorgf\u00e4ltiger inhaltlicher Kontrolle \u00fcbernehmen wir keinerlei Haftung f\u00fcr Inhalte externer Links. F\u00fcr den Inhalt der verlinkten Seiten sind ausschlie\u00dflich deren Betreiber verantwortlich. Bitte beachten Sie auch unsere <a href=\"https:\/\/www.comcept.eu\/?page_id=31\">Datenschutzerkl\u00e4rung<\/a>!<\/b><\/p>\n<p>Partion Copyright der Bilder Fotolia.de<br \/>\nCopyright der Bilder COMCEPT GmbH 2016-2021<\/p>\n","protected":false},"excerpt":{"rendered":"<p>Impressum Verantwortlich f\u00fcr den Inhalt dieser Internetseite ist die Firma: COMCEPT GmbH Hauptstra\u00dfe 161a DE 51143 K\u00f6ln &#8211; Germany Fone: +49 (0) 2203 369 28 -0 Fax: +49 (0) 2203 369 28 -15 EMail an den Webmaster Eingetragen im Handelsregister K\u00f6ln: HRB 31924 Gesch\u00e4ftsf\u00fchrer: Gerd Bernau Raimund Hamacher Haftungshinweis: Trotz sorgf\u00e4ltiger inhaltlicher Kontrolle \u00fcbernehmen wir [&hellip;]<\/p>\n","protected":false},"author":2,"featured_media":0,"parent":0,"menu_order":0,"comment_status":"closed","ping_status":"closed","template":"","meta":{"footnotes":""},"class_list":["post-33","page","type-page","status-publish","hentry"],"_links":{"self":[{"href":"https:\/\/www.comcept.eu\/index.php?rest_route=\/wp\/v2\/pages\/33","targetHints":{"allow":["GET"]}}],"collection":[{"href":"https:\/\/www.comcept.eu\/index.php?rest_route=\/wp\/v2\/pages"}],"about":[{"href":"https:\/\/www.comcept.eu\/index.php?rest_route=\/wp\/v2\/types\/page"}],"author":[{"embeddable":true,"href":"https:\/\/www.comcept.eu\/index.php?rest_route=\/wp\/v2\/users\/2"}],"replies":[{"embeddable":true,"href":"https:\/\/www.comcept.eu\/index.php?rest_route=%2Fwp%2Fv2%2Fcomments&post=33"}],"version-history":[{"count":5,"href":"https:\/\/www.comcept.eu\/index.php?rest_route=\/wp\/v2\/pages\/33\/revisions"}],"predecessor-version":[{"id":645,"href":"https:\/\/www.comcept.eu\/index.php?rest_route=\/wp\/v2\/pages\/33\/revisions\/645"}],"wp:attachment":[{"href":"https:\/\/www.comcept.eu\/index.php?rest_route=%2Fwp%2Fv2%2Fmedia&parent=33"}],"curies":[{"name":"wp","href":"https:\/\/api.w.org\/{rel}","templated":true}]}}