{"id":122,"date":"2018-12-20T16:41:23","date_gmt":"2018-12-20T16:41:23","guid":{"rendered":"http:\/\/comceptgmbhkoeln.ccjewel.net\/?page_id=122"},"modified":"2022-05-19T15:53:01","modified_gmt":"2022-05-19T13:53:01","slug":"ladenkasse","status":"publish","type":"page","link":"https:\/\/www.comcept.eu\/?page_id=122","title":{"rendered":"Ladenkasse"},"content":{"rendered":"<h3><img loading=\"lazy\" decoding=\"async\" class=\"alignleft wp-image-123 size-medium\" src=\"https:\/\/www.comcept.eu\/wp-content\/uploads\/2018\/12\/Ladenkasse-300x242.jpg\" alt=\"\" width=\"300\" height=\"242\" srcset=\"https:\/\/www.comcept.eu\/wp-content\/uploads\/2018\/12\/Ladenkasse-300x242.jpg 300w, https:\/\/www.comcept.eu\/wp-content\/uploads\/2018\/12\/Ladenkasse.jpg 658w\" sizes=\"auto, (max-width: 300px) 100vw, 300px\" \/><span style=\"color: #3366ff;\"><strong>Ladenkasse<\/strong><\/span><\/h3>\n<p>Mit unserer elektronischen Ladenkasse kassieren Sie Einzelartikel und Komplettauftr\u00e4ge aus der Verwaltungssoftware.<br \/>\nGleichzeitig aktualisiert sich Ihr Lagerbestand und Ihre Kundenauftr\u00e4ge werden bei Ausgleich automatisch auf &#8222;erledigt&#8220; gesetzt.<\/p>\n<p>Es k\u00f6nnen <span style=\"color: #3366ff;\">verschiedene Zahlungsmittel<\/span> und Gutscheine verwaltet werden. Passen Sie Bons und Berichte auf Ihre<br \/>\n<span style=\"color: #3366ff;\">individuellen Erfordernisse<\/span> blau an und generieren Sie dabei Tages-, Monats- oder Jahresabschl\u00fcsse.<br \/>\nDamit bleiben Buchungsvorg\u00e4nge <span style=\"color: #3366ff;\">jederzeit nachvollziehbar<\/span>.<\/p>\n<p>Durch die <span style=\"color: #3366ff;\">individuelle Zusammenstellung <\/span>Ihrer Hardware kann die Ladenkasse mit Barcodescanner,<br \/>\nTouchscreen, Ladenkassenschublade und Bondrucker betrieben und bedient bedient werden.<br \/>\nWeitere Iformationen zur Ladenkasse, die Bedienung und den Export finden Sie in unserem <a href=\"http:\/\/wiki.comcept.eu\/ladenkasse:start\">COMCEPT-Wiki<\/a>!<\/p>\n","protected":false},"excerpt":{"rendered":"<p>Ladenkasse Mit unserer elektronischen Ladenkasse kassieren Sie Einzelartikel und Komplettauftr\u00e4ge aus der Verwaltungssoftware. Gleichzeitig aktualisiert sich Ihr Lagerbestand und Ihre Kundenauftr\u00e4ge werden bei Ausgleich automatisch auf &#8222;erledigt&#8220; gesetzt. Es k\u00f6nnen verschiedene Zahlungsmittel und Gutscheine verwaltet werden. Passen Sie Bons und Berichte auf Ihre individuellen Erfordernisse blau an und generieren Sie dabei Tages-, Monats- oder Jahresabschl\u00fcsse. [&hellip;]<\/p>\n","protected":false},"author":2,"featured_media":0,"parent":0,"menu_order":0,"comment_status":"closed","ping_status":"closed","template":"","meta":{"footnotes":""},"class_list":["post-122","page","type-page","status-publish","hentry"],"_links":{"self":[{"href":"https:\/\/www.comcept.eu\/index.php?rest_route=\/wp\/v2\/pages\/122","targetHints":{"allow":["GET"]}}],"collection":[{"href":"https:\/\/www.comcept.eu\/index.php?rest_route=\/wp\/v2\/pages"}],"about":[{"href":"https:\/\/www.comcept.eu\/index.php?rest_route=\/wp\/v2\/types\/page"}],"author":[{"embeddable":true,"href":"https:\/\/www.comcept.eu\/index.php?rest_route=\/wp\/v2\/users\/2"}],"replies":[{"embeddable":true,"href":"https:\/\/www.comcept.eu\/index.php?rest_route=%2Fwp%2Fv2%2Fcomments&post=122"}],"version-history":[{"count":1,"href":"https:\/\/www.comcept.eu\/index.php?rest_route=\/wp\/v2\/pages\/122\/revisions"}],"predecessor-version":[{"id":673,"href":"https:\/\/www.comcept.eu\/index.php?rest_route=\/wp\/v2\/pages\/122\/revisions\/673"}],"wp:attachment":[{"href":"https:\/\/www.comcept.eu\/index.php?rest_route=%2Fwp%2Fv2%2Fmedia&parent=122"}],"curies":[{"name":"wp","href":"https:\/\/api.w.org\/{rel}","templated":true}]}}