{"id":102,"date":"2018-12-20T12:47:40","date_gmt":"2018-12-20T12:47:40","guid":{"rendered":"http:\/\/comceptgmbhkoeln.ccjewel.net\/?page_id=102"},"modified":"2019-01-29T18:04:44","modified_gmt":"2019-01-29T17:04:44","slug":"das-team-von-comcept","status":"publish","type":"page","link":"https:\/\/www.comcept.eu\/?page_id=102","title":{"rendered":"Das Team von COMCEPT"},"content":{"rendered":"\n<figure class=\"wp-block-image\"><img loading=\"lazy\" decoding=\"async\" width=\"800\" height=\"531\" src=\"https:\/\/www.comcept.eu\/wp-content\/uploads\/2019\/01\/Wir_sind_f\u00fcr_sie_da_Puzzle.jpg\" alt=\"\" class=\"wp-image-256\" srcset=\"https:\/\/www.comcept.eu\/wp-content\/uploads\/2019\/01\/Wir_sind_f\u00fcr_sie_da_Puzzle.jpg 800w, https:\/\/www.comcept.eu\/wp-content\/uploads\/2019\/01\/Wir_sind_f\u00fcr_sie_da_Puzzle-300x199.jpg 300w, https:\/\/www.comcept.eu\/wp-content\/uploads\/2019\/01\/Wir_sind_f\u00fcr_sie_da_Puzzle-768x510.jpg 768w\" sizes=\"auto, (max-width: 800px) 100vw, 800px\" \/><\/figure>\n\n\n<p>Wir von COMCEPT lassen Sie nicht alleine! Unser Support-Team&nbsp; hat immer ein offenes Ohr f\u00fcr Sie.<\/p>\n\n\n<figure class=\"wp-block-image\"><img loading=\"lazy\" decoding=\"async\" width=\"1000\" height=\"981\" src=\"https:\/\/www.comcept.eu\/wp-content\/uploads\/2019\/01\/Das_Team_von_Comcept.jpg\" alt=\"\" class=\"wp-image-257\" srcset=\"https:\/\/www.comcept.eu\/wp-content\/uploads\/2019\/01\/Das_Team_von_Comcept.jpg 1000w, https:\/\/www.comcept.eu\/wp-content\/uploads\/2019\/01\/Das_Team_von_Comcept-300x294.jpg 300w, https:\/\/www.comcept.eu\/wp-content\/uploads\/2019\/01\/Das_Team_von_Comcept-768x753.jpg 768w\" sizes=\"auto, (max-width: 1000px) 100vw, 1000px\" \/><\/figure>\n\n\n\n<p><a href=\"https:\/\/www.comcept.eu\/?page_id=390\">F\u00fcr eine Kontaktaufnahme folgen Sie dem Link und f\u00fcllen Sie bitte das Formular aus. Link zum Kontaktformular!<\/a><\/p>\n","protected":false},"excerpt":{"rendered":"<p>Wir von COMCEPT lassen Sie nicht alleine! Unser Support-Team&nbsp; hat immer ein offenes Ohr f\u00fcr Sie. F\u00fcr eine Kontaktaufnahme folgen Sie dem Link und f\u00fcllen Sie bitte das Formular aus. Link zum Kontaktformular!<\/p>\n","protected":false},"author":2,"featured_media":0,"parent":0,"menu_order":0,"comment_status":"closed","ping_status":"closed","template":"","meta":{"footnotes":""},"class_list":["post-102","page","type-page","status-publish","hentry"],"_links":{"self":[{"href":"https:\/\/www.comcept.eu\/index.php?rest_route=\/wp\/v2\/pages\/102","targetHints":{"allow":["GET"]}}],"collection":[{"href":"https:\/\/www.comcept.eu\/index.php?rest_route=\/wp\/v2\/pages"}],"about":[{"href":"https:\/\/www.comcept.eu\/index.php?rest_route=\/wp\/v2\/types\/page"}],"author":[{"embeddable":true,"href":"https:\/\/www.comcept.eu\/index.php?rest_route=\/wp\/v2\/users\/2"}],"replies":[{"embeddable":true,"href":"https:\/\/www.comcept.eu\/index.php?rest_route=%2Fwp%2Fv2%2Fcomments&post=102"}],"version-history":[{"count":3,"href":"https:\/\/www.comcept.eu\/index.php?rest_route=\/wp\/v2\/pages\/102\/revisions"}],"predecessor-version":[{"id":396,"href":"https:\/\/www.comcept.eu\/index.php?rest_route=\/wp\/v2\/pages\/102\/revisions\/396"}],"wp:attachment":[{"href":"https:\/\/www.comcept.eu\/index.php?rest_route=%2Fwp%2Fv2%2Fmedia&parent=102"}],"curies":[{"name":"wp","href":"https:\/\/api.w.org\/{rel}","templated":true}]}}